{"id":727,"date":"2021-08-24T16:05:32","date_gmt":"2021-08-24T14:05:32","guid":{"rendered":"https:\/\/www.grill-munich.de\/veranstaltung-news\/"},"modified":"2024-04-15T12:51:25","modified_gmt":"2024-04-15T10:51:25","slug":"veranstaltung-news","status":"publish","type":"page","link":"https:\/\/www.grill-munich.de\/en\/veranstaltung-news\/","title":{"rendered":"Veranstaltung &amp; News"},"content":{"rendered":"<div class=\"wpb-content-wrapper\"><p>[vc_row css_animation=&#8221;&#8221; row_type=&#8221;row&#8221; use_row_as_full_screen_section=&#8221;no&#8221; type=&#8221;full_width&#8221; angled_section=&#8221;no&#8221; text_align=&#8221;left&#8221; background_image_as_pattern=&#8221;without_pattern&#8221; el_class=&#8221;pageheader_full&#8221; css=&#8221;.vc_custom_1681140737322{background-image: url(https:\/\/www.grill-munich.de\/wp-content\/uploads\/2023\/04\/Headerbild-news-en-1.jpg) !important;background-position: center !important;background-repeat: no-repeat !important;background-size: cover !important;}&#8221; z_index=&#8221;&#8221;][vc_column][\/vc_column][\/vc_row][vc_row css_animation=&#8221;&#8221; row_type=&#8221;row&#8221; use_row_as_full_screen_section=&#8221;no&#8221; type=&#8221;full_width&#8221; angled_section=&#8221;no&#8221; text_align=&#8221;left&#8221; background_image_as_pattern=&#8221;without_pattern&#8221; el_class=&#8221;pageheader_full_mobile&#8221; css=&#8221;.vc_custom_1681387901669{background-image: url(https:\/\/www.grill-munich.de\/wp-content\/uploads\/2023\/04\/location-bg.png?id=632) !important;background-position: center !important;background-repeat: no-repeat !important;background-size: cover !important;}&#8221; z_index=&#8221;&#8221;][vc_column][vc_single_image image=&#8221;813&#8243; img_size=&#8221;&#8221; alignment=&#8221;center&#8221; qode_css_animation=&#8221;&#8221;][\/vc_column][\/vc_row][vc_row css_animation=&#8221;&#8221; row_type=&#8221;row&#8221; use_row_as_full_screen_section=&#8221;no&#8221; type=&#8221;full_width&#8221; angled_section=&#8221;no&#8221; text_align=&#8221;left&#8221; background_image_as_pattern=&#8221;without_pattern&#8221; css=&#8221;.vc_custom_1681207627725{padding-top: 80px !important;padding-bottom: 80px !important;}&#8221; z_index=&#8221;&#8221; el_class=&#8221;welcome-section&#8221;][vc_column][vc_column_text css=&#8221;.vc_custom_1632732605656{padding-bottom: 40px !important;}&#8221;]<\/p>\n<h3 style=\"text-align: center;\">WELCOME TO OUR<\/h3>\n<h2 style=\"text-align: center;\">NEWSROOM.<\/h2>\n<p>[\/vc_column_text][vc_column_text]<\/p>\n<p style=\"text-align: center;\">Here you will find the latest news about us around the clock.<br \/>\nIn addition to events, we also keep you up to date about menu specials<br \/>\nand job offers.<\/p>\n<p>[\/vc_column_text][\/vc_column][\/vc_row][vc_row css_animation=&#8221;&#8221; row_type=&#8221;row&#8221; use_row_as_full_screen_section=&#8221;no&#8221; type=&#8221;grid&#8221; angled_section=&#8221;no&#8221; text_align=&#8221;left&#8221; background_image_as_pattern=&#8221;without_pattern&#8221; css=&#8221;.vc_custom_1681468286890{background-image: url(https:\/\/www.grill-munich.de\/wp-content\/uploads\/2023\/04\/kkontakt-bild-2.jpg?id=501) !important;background-position: center !important;background-repeat: no-repeat !important;background-size: cover !important;}&#8221; z_index=&#8221;&#8221; el_class=&#8221;mobile_border_left news-slider-section slider_section&#8221; el_id=&#8221;temp_hide&#8221;][vc_column css=&#8221;.vc_custom_1681350502286{padding-top: 160px !important;}&#8221; el_class=&#8221;headlineright&#8221; offset=&#8221;vc_col-md-4 vc_col-xs-12&#8243;][vc_column_text el_class=&#8221;righth2&#8243;]<\/p>\n<h2 style=\"text-align: left;\">UNSERE<br \/>\nAKTUELLEN<br \/>\nVERANSTALTUNGEN<\/h2>\n<p>[\/vc_column_text][\/vc_column][vc_column css=&#8221;.vc_custom_1681350517976{margin-top: 40px !important;}&#8221; el_class=&#8221;boxwithborderleft&#8221; offset=&#8221;vc_col-md-8 vc_col-xs-12&#8243;][qode_content_slider enable_drag=&#8221;yes&#8221; direction_nav=&#8221;no&#8221; control_nav=&#8221;yes&#8221; control_nav_justify=&#8221;no&#8221; pause_on_hover=&#8221;yes&#8221;][qode_content_slider_item][vc_row_inner row_type=&#8221;row&#8221; type=&#8221;full_width&#8221; text_align=&#8221;left&#8221; css_animation=&#8221;&#8221;][vc_column_inner offset=&#8221;vc_col-md-7 vc_col-xs-12&#8243;][vc_single_image image=&#8221;230&#8243; img_size=&#8221;large&#8221; qode_css_animation=&#8221;&#8221;][\/vc_column_inner][vc_column_inner width=&#8221;11\/12&#8243; offset=&#8221;vc_col-md-5 vc_col-xs-12&#8243;][vc_column_text]<\/p>\n<h4>AB SOFORT<br \/>\nJEDEN SONNTAG<\/h4>\n<h2>Surf &amp; Turf<\/h2>\n<p>F\u00fcr zwei Personen: 300g Simmentaler<br \/>\nFilet &amp; 1\/2 Pfund Black Tiger GarnelenKopfsalat mit Vinaigrette, Kr\u00e4uter,<br \/>\nTomaten Concass\u00e9eFrench Fries &amp;<br \/>\nhausgemachte BBQ Sauce 35,- \u20ac p.P.[\/vc_column_text]<a  itemprop=\"url\" href=\"https:\/\/www.opentable.de\/restref\/client\/?rid=92667&#038;rtype=ism&#038;restref=92667&#038;corrid=f7045d87-fdc7-4dd3-819a-189adfbab917\" target=\"_blank\"  class=\"qbutton  default grill_btn grill_design_btn\" style=\"\">JETZT RESERVIEREN<\/a>[\/vc_column_inner][\/vc_row_inner][\/qode_content_slider_item][qode_content_slider_item][vc_row_inner row_type=&#8221;row&#8221; type=&#8221;full_width&#8221; text_align=&#8221;left&#8221; css_animation=&#8221;&#8221;][vc_column_inner offset=&#8221;vc_col-md-7 vc_col-xs-12&#8243;][vc_single_image image=&#8221;35&#8243; img_size=&#8221;large&#8221; qode_css_animation=&#8221;&#8221;][\/vc_column_inner][vc_column_inner offset=&#8221;vc_col-md-5 vc_col-xs-12&#8243;][vc_column_text]<\/p>\n<h4>AB SOFORT<br \/>\nJEDEN SAMSTAG<\/h4>\n<h2>Surf &amp; Turf 2<\/h2>\n<p>F\u00fcr zwei Personen: 300g Simmentaler<br \/>\nFilet &amp; 1\/2 Pfund Black Tiger GarnelenKopfsalat mit Vinaigrette, Kr\u00e4uter,<br \/>\nTomaten Concass\u00e9eFrench Fries &amp;<br \/>\nhausgemachte BBQ Sauce 35,- \u20ac p.P.[\/vc_column_text]<a  itemprop=\"url\" href=\"https:\/\/www.opentable.de\/restref\/client\/?rid=92667&#038;rtype=ism&#038;restref=92667&#038;corrid=f7045d87-fdc7-4dd3-819a-189adfbab917\" target=\"_blank\"  class=\"qbutton  default grill_btn grill_design_btn\" style=\"\">JETZT RESERVIEREN<\/a>[\/vc_column_inner][\/vc_row_inner][\/qode_content_slider_item][qode_content_slider_item][vc_row_inner row_type=&#8221;row&#8221; type=&#8221;full_width&#8221; text_align=&#8221;left&#8221; css_animation=&#8221;&#8221;][vc_column_inner offset=&#8221;vc_col-md-7 vc_col-xs-12&#8243;][vc_single_image image=&#8221;35&#8243; img_size=&#8221;large&#8221; qode_css_animation=&#8221;&#8221;][\/vc_column_inner][vc_column_inner offset=&#8221;vc_col-md-5 vc_col-xs-12&#8243;][vc_column_text]<\/p>\n<h4>AB SOFORT<br \/>\nJEDEN FREITAG<\/h4>\n<h2>Surf &amp; Turf 3<\/h2>\n<p>F\u00fcr zwei Personen: 300g Simmentaler<br \/>\nFilet &amp; 1\/2 Pfund Black Tiger GarnelenKopfsalat mit Vinaigrette, Kr\u00e4uter,<br \/>\nTomaten Concass\u00e9eFrench Fries &amp;<br \/>\nhausgemachte BBQ Sauce 35,- \u20ac p.P.[\/vc_column_text]<a  itemprop=\"url\" href=\"https:\/\/www.opentable.de\/restref\/client\/?rid=92667&#038;rtype=ism&#038;restref=92667&#038;corrid=f7045d87-fdc7-4dd3-819a-189adfbab917\" target=\"_blank\"  class=\"qbutton  default grill_btn grill_design_btn\" style=\"\">JETZT RESERVIEREN<\/a>[\/vc_column_inner][\/vc_row_inner][\/qode_content_slider_item][\/qode_content_slider][\/vc_column][\/vc_row][vc_row css_animation=&#8221;&#8221; row_type=&#8221;row&#8221; use_row_as_full_screen_section=&#8221;no&#8221; type=&#8221;grid&#8221; angled_section=&#8221;no&#8221; text_align=&#8221;left&#8221; background_image_as_pattern=&#8221;without_pattern&#8221; z_index=&#8221;&#8221; css=&#8221;.vc_custom_1681383717756{padding-top: 200px !important;padding-bottom: 130px !important;background-image: url(https:\/\/www.grill-munich.de\/wp-content\/uploads\/2023\/04\/veranstaltung-newsletter.jpg?id=506) !important;background-position: center !important;background-repeat: no-repeat !important;background-size: cover !important;}&#8221; el_class=&#8221;form-section&#8221; anchor=&#8221;newsletter&#8221;][vc_column offset=&#8221;vc_col-lg-5 vc_col-md-6 vc_col-xs-12&#8243;][vc_column_text el_class=&#8221;wideheadline&#8221;]<\/p>\n<h4 style=\"text-align: left;\">YOU MISSED THE LAST EVENT?<\/h4>\n<p>[\/vc_column_text][vc_column_text]<\/p>\n<h2 style=\"text-align: left;\">NEWSLETTER<\/h2>\n<p>[\/vc_column_text][vc_column_text]Then register quickly for our newsletter!<br \/>\nThe newsletter will regularly inform you about current events and specials around GRILL in Munich.<br \/>\nYour data will be kept strictly confidential and will not be passed on to third parties.[\/vc_column_text][\/vc_column][vc_column width=&#8221;1\/6&#8243; offset=&#8221;vc_col-lg-2 vc_hidden-md vc_hidden-sm vc_hidden-xs&#8221;][\/vc_column][vc_column offset=&#8221;vc_col-lg-5 vc_col-md-6 vc_col-xs-12&#8243;][vc_column_text el_class=&#8221;wideheadline&#8221;]<\/p>\n<h4 style=\"text-align: center;\">SIGN UP NOW<\/h4>\n<p>[\/vc_column_text][vc_column_text el_class=&#8221;right_content&#8221;]<\/p>\n<p style=\"text-align: right;\">\n<div class=\"wpcf7 no-js\" id=\"wpcf7-f139-o1\" lang=\"de-DE\" dir=\"ltr\" data-wpcf7-id=\"139\">\n<div class=\"screen-reader-response\"><p role=\"status\" aria-live=\"polite\" aria-atomic=\"true\"><\/p> <ul><\/ul><\/div>\n<form action=\"\/en\/wp-json\/wp\/v2\/pages\/727#wpcf7-f139-o1\" method=\"post\" class=\"wpcf7-form init\" aria-label=\"Kontaktformular\" novalidate=\"novalidate\" data-status=\"init\">\n<fieldset class=\"hidden-fields-container\"><input type=\"hidden\" name=\"_wpcf7\" value=\"139\" \/><input type=\"hidden\" name=\"_wpcf7_version\" value=\"6.1.5\" \/><input type=\"hidden\" name=\"_wpcf7_locale\" value=\"de_DE\" \/><input type=\"hidden\" name=\"_wpcf7_unit_tag\" value=\"wpcf7-f139-o1\" \/><input type=\"hidden\" name=\"_wpcf7_container_post\" value=\"0\" \/><input type=\"hidden\" name=\"_wpcf7_posted_data_hash\" value=\"\" \/><input type=\"hidden\" name=\"_wpcf7_recaptcha_response\" value=\"\" \/>\n<\/fieldset>\n<p><span class=\"wpcf7-form-control-wrap\" data-name=\"email\"><input size=\"40\" maxlength=\"400\" class=\"wpcf7-form-control wpcf7-email wpcf7-validates-as-required wpcf7-text wpcf7-validates-as-email\" aria-required=\"true\" aria-invalid=\"false\" placeholder=\"E-MAIL ADRESSE\" value=\"\" type=\"email\" name=\"email\" \/><\/span>\n<\/p>\n<p><span class=\"wpcf7-form-control-wrap\" data-name=\"anrede\"><select class=\"wpcf7-form-control wpcf7-select\" aria-invalid=\"false\" name=\"anrede\"><option value=\"ANREDE\">ANREDE<\/option><option value=\"Herr\">Herr<\/option><option value=\"Frau\">Frau<\/option><option value=\"Firma\">Firma<\/option><\/select><\/span>\n<\/p>\n<p><span class=\"wpcf7-form-control-wrap\" data-name=\"vorname\"><input size=\"40\" maxlength=\"400\" class=\"wpcf7-form-control wpcf7-text\" aria-invalid=\"false\" placeholder=\"VORNAME\" value=\"\" type=\"text\" name=\"vorname\" \/><\/span>\n<\/p>\n<p><span class=\"wpcf7-form-control-wrap\" data-name=\"nachname\"><input size=\"40\" maxlength=\"400\" class=\"wpcf7-form-control wpcf7-text\" aria-invalid=\"false\" placeholder=\"NACHNAME\" value=\"\" type=\"text\" name=\"nachname\" \/><\/span>\n<\/p>\n<p>Mit Ihrer Anmeldung erkl\u00e4ren Sie sich einverstanden, dass wir Ihnen per<br \/>\nE-Mail Informationen zusenden.\n<\/p>\n<p><input class=\"wpcf7-form-control wpcf7-submit has-spinner\" type=\"submit\" value=\"Senden\" \/>\n<\/p><input type='hidden' class='wpcf7-pum' value='{\"closepopup\":false,\"closedelay\":0,\"openpopup\":false,\"openpopup_id\":0}' \/><div class=\"wpcf7-response-output\" aria-hidden=\"true\"><\/div>\n<\/form>\n<\/div>\n<p>[\/vc_column_text][\/vc_column][\/vc_row][vc_row css_animation=&#8221;&#8221; row_type=&#8221;row&#8221; use_row_as_full_screen_section=&#8221;no&#8221; type=&#8221;grid&#8221; angled_section=&#8221;no&#8221; text_align=&#8221;left&#8221; background_image_as_pattern=&#8221;without_pattern&#8221; z_index=&#8221;&#8221; el_id=&#8221;newslist&#8221; el_class=&#8221;newslist&#8221; css=&#8221;.vc_custom_1681337220675{padding-bottom: 160px !important;}&#8221;][vc_column el_class=&#8221;verticalheadline&#8221; offset=&#8221;vc_col-md-3 vc_col-xs-12&#8243;][vc_column_text el_id=&#8221;righth2_vertical wideheadline&#8221;]<\/p>\n<h2>UNSERE AKTUELLEN NEWS<\/h2>\n<p>[\/vc_column_text][\/vc_column][vc_column el_class=&#8221;boxwithborderleft2&#8243; offset=&#8221;vc_col-md-9 vc_col-xs-12&#8243;][vc_column_text]<div class=\"latest_post_holder image_in_box\"><ul><\/ul><\/div>[\/vc_column_text][\/vc_column][\/vc_row][vc_row css_animation=&#8221;&#8221; row_type=&#8221;row&#8221; use_row_as_full_screen_section=&#8221;no&#8221; type=&#8221;grid&#8221; angled_section=&#8221;no&#8221; text_align=&#8221;left&#8221; background_image_as_pattern=&#8221;without_pattern&#8221; el_class=&#8221;carriar&#8221; z_index=&#8221;&#8221; el_id=&#8221;career&#8221;][vc_column css=&#8221;.vc_custom_1681353487648{padding-top: 60px !important;}&#8221; offset=&#8221;vc_col-md-4 vc_col-xs-12&#8243;][vc_column_text]<\/p>\n<h2>CAREER AT<br \/>\nGRILL<\/h2>\n<p>[\/vc_column_text][vc_column_text el_class=&#8221;karriere_textleft&#8221;]Not only our restaurant shines in a new design, but also our team!<\/p>\n<p>Because we are looking for new creative minds to actively support our ambitious team. If you are looking for new challenges, then don&#8217;t hesitate and send us your written application. In addition to a lot of good humor, you should bring a passion for food and drinks. In return, we offer a lot of variety and a workplace in the heart of the most beautiful city in the world.[\/vc_column_text][\/vc_column][vc_column offset=&#8221;vc_col-md-4 vc_col-xs-12&#8243;][vc_single_image image=&#8221;365&#8243; img_size=&#8221;large&#8221; alignment=&#8221;center&#8221; qode_css_animation=&#8221;&#8221;][\/vc_column][vc_column el_class=&#8221;text_border&#8221; offset=&#8221;vc_col-md-4 vc_col-xs-12&#8243;][vc_column_text]<\/p>\n<h4>OUR SERVICE &amp; KITCHEN TEAM IS LOOKING FORWARD TO ACTIVE SUPPORT.<\/h4>\n<p>[\/vc_column_text][vc_column_text]Current job openings:<br \/>\n<a href=\"https:\/\/www.hotelcareer.de\/jobs\/grill-im-k%C3%BCnstlerhaus-16736\/chef-de-partie-m-w-d-3371107?rltr=dyn\" target=\"_blank\" rel=\"noopener\">Chef de Partie<\/a><\/p>\n<p>Send us your short application to<br \/>\n<a href=\"&#109;&#x61;&#105;&#x6c;t&#x6f;:&#105;&#x6e;&#102;&#x6f;&#64;&#x67;r&#x69;l&#108;&#x2d;&#109;&#x75;n&#x69;c&#x68;&#x2e;&#100;&#x65;\">&#x69;&#110;f&#x6f;&#x40;&#103;r&#x69;&#108;l&#x2d;&#x6d;&#117;n&#x69;&#99;h&#x2e;&#x64;&#101;<\/a><\/p>\n<p>or your complete application documents to:<br \/>\nGrillionaire GmbH<br \/>\nattn. Mr. Lenz<br \/>\nLenbachplatz 8<br \/>\n80333 Munich[\/vc_column_text][\/vc_column][\/vc_row]<\/p>\n<\/div>","protected":false},"excerpt":{"rendered":"<p>[vc_row css_animation=&#8221;&#8221; row_type=&#8221;row&#8221; use_row_as_full_screen_section=&#8221;no&#8221; type=&#8221;full_width&#8221; angled_section=&#8221;no&#8221; text_align=&#8221;left&#8221; background_image_as_pattern=&#8221;without_pattern&#8221; el_class=&#8221;pageheader_full&#8221; css=&#8221;.vc_custom_1681140737322{background-image: url(https:\/\/www.grill-munich.de\/wp-content\/uploads\/2023\/04\/Headerbild-news-en-1.jpg) !important;background-position: center !important;background-repeat: no-repeat !important;background-size: cover !important;}&#8221; z_index=&#8221;&#8221;][vc_column][\/vc_column][\/vc_row][vc_row css_animation=&#8221;&#8221; row_type=&#8221;row&#8221; use_row_as_full_screen_section=&#8221;no&#8221; type=&#8221;full_width&#8221; angled_section=&#8221;no&#8221; text_align=&#8221;left&#8221; background_image_as_pattern=&#8221;without_pattern&#8221; el_class=&#8221;pageheader_full_mobile&#8221; css=&#8221;.vc_custom_1681387901669{background-image: url(https:\/\/www.grill-munich.de\/wp-content\/uploads\/2023\/04\/location-bg.png?id=632) !important;background-position: center !important;background-repeat: no-repeat !important;background-size: cover !important;}&#8221; z_index=&#8221;&#8221;][vc_column][vc_single_image image=&#8221;813&#8243; img_size=&#8221;&#8221; alignment=&#8221;center&#8221; qode_css_animation=&#8221;&#8221;][\/vc_column][\/vc_row][vc_row css_animation=&#8221;&#8221; row_type=&#8221;row&#8221; use_row_as_full_screen_section=&#8221;no&#8221; type=&#8221;full_width&#8221;&#8230;<\/p>\n","protected":false},"author":12,"featured_media":0,"parent":0,"menu_order":0,"comment_status":"closed","ping_status":"closed","template":"full_width.php","meta":{"_acf_changed":false,"inline_featured_image":false,"footnotes":""},"class_list":["post-727","page","type-page","status-publish","hentry"],"acf":[],"yoast_head":"<!-- This site is optimized with the Yoast SEO plugin v27.5 - https:\/\/yoast.com\/product\/yoast-seo-wordpress\/ -->\n<title>Events &amp; News - Grill Munich<\/title>\n<meta name=\"description\" content=\"The Munich K\u00fcnstlerhaus on Lenbachplatz is a popular event venue right in the heart of Munich.\" \/>\n<meta name=\"robots\" content=\"index, follow, max-snippet:-1, max-image-preview:large, max-video-preview:-1\" \/>\n<link rel=\"canonical\" href=\"https:\/\/www.grill-munich.de\/en\/veranstaltung-news\/\" \/>\n<meta property=\"og:locale\" content=\"en_US\" \/>\n<meta property=\"og:type\" content=\"article\" \/>\n<meta property=\"og:title\" content=\"THE GRILL Veranstaltungen\" \/>\n<meta property=\"og:description\" content=\"Das M\u00fcnchner K\u00fcnstlerhaus am Lenbachplatz ist heute ein beliebter Veranstaltungsort mitten im Herzen von M\u00fcnchen.\" \/>\n<meta property=\"og:url\" content=\"https:\/\/www.grill-munich.de\/en\/veranstaltung-news\/\" \/>\n<meta property=\"og:site_name\" content=\"Grill\" \/>\n<meta property=\"article:modified_time\" content=\"2024-04-15T10:51:25+00:00\" \/>\n<meta property=\"og:image\" content=\"https:\/\/www.grill-munich.de\/wp-content\/uploads\/2021\/09\/the-grill-location-galerie-1-Kopie.jpg\" \/>\n<meta name=\"twitter:card\" content=\"summary_large_image\" \/>\n<meta name=\"twitter:title\" content=\"THE GRILL Veranstaltungen\" \/>\n<meta name=\"twitter:description\" content=\"Das M\u00fcnchner K\u00fcnstlerhaus am Lenbachplatz ist heute ein beliebter Veranstaltungsort mitten im Herzen von M\u00fcnchen.\" \/>\n<meta name=\"twitter:image\" content=\"https:\/\/www.grill-munich.de\/wp-content\/uploads\/2021\/09\/the-grill-location-galerie-1-Kopie.jpg\" \/>\n<meta name=\"twitter:label1\" content=\"Est. reading time\" \/>\n\t<meta name=\"twitter:data1\" content=\"4 minutes\" \/>\n<script type=\"application\/ld+json\" class=\"yoast-schema-graph\">{\"@context\":\"https:\\\/\\\/schema.org\",\"@graph\":[{\"@type\":\"WebPage\",\"@id\":\"https:\\\/\\\/www.grill-munich.de\\\/en\\\/veranstaltung-news\\\/\",\"url\":\"https:\\\/\\\/www.grill-munich.de\\\/en\\\/veranstaltung-news\\\/\",\"name\":\"Events & News - Grill Munich\",\"isPartOf\":{\"@id\":\"https:\\\/\\\/www.grill-munich.de\\\/en\\\/#website\"},\"datePublished\":\"2021-08-24T14:05:32+00:00\",\"dateModified\":\"2024-04-15T10:51:25+00:00\",\"description\":\"The Munich K\u00fcnstlerhaus on Lenbachplatz is a popular event venue right in the heart of Munich.\",\"breadcrumb\":{\"@id\":\"https:\\\/\\\/www.grill-munich.de\\\/en\\\/veranstaltung-news\\\/#breadcrumb\"},\"inLanguage\":\"en-US\",\"potentialAction\":[{\"@type\":\"ReadAction\",\"target\":[\"https:\\\/\\\/www.grill-munich.de\\\/en\\\/veranstaltung-news\\\/\"]}]},{\"@type\":\"BreadcrumbList\",\"@id\":\"https:\\\/\\\/www.grill-munich.de\\\/en\\\/veranstaltung-news\\\/#breadcrumb\",\"itemListElement\":[{\"@type\":\"ListItem\",\"position\":1,\"name\":\"Startseite\",\"item\":\"https:\\\/\\\/www.grill-munich.de\\\/en\\\/\"},{\"@type\":\"ListItem\",\"position\":2,\"name\":\"Veranstaltung &amp; News\"}]},{\"@type\":\"WebSite\",\"@id\":\"https:\\\/\\\/www.grill-munich.de\\\/en\\\/#website\",\"url\":\"https:\\\/\\\/www.grill-munich.de\\\/en\\\/\",\"name\":\"Grill\",\"description\":\"RESTAURANT I BAR I TERRASSE\",\"potentialAction\":[{\"@type\":\"SearchAction\",\"target\":{\"@type\":\"EntryPoint\",\"urlTemplate\":\"https:\\\/\\\/www.grill-munich.de\\\/en\\\/?s={search_term_string}\"},\"query-input\":{\"@type\":\"PropertyValueSpecification\",\"valueRequired\":true,\"valueName\":\"search_term_string\"}}],\"inLanguage\":\"en-US\"}]}<\/script>\n<!-- \/ Yoast SEO plugin. -->","yoast_head_json":{"title":"Events & News - Grill Munich","description":"The Munich K\u00fcnstlerhaus on Lenbachplatz is a popular event venue right in the heart of Munich.","robots":{"index":"index","follow":"follow","max-snippet":"max-snippet:-1","max-image-preview":"max-image-preview:large","max-video-preview":"max-video-preview:-1"},"canonical":"https:\/\/www.grill-munich.de\/en\/veranstaltung-news\/","og_locale":"en_US","og_type":"article","og_title":"THE GRILL Veranstaltungen","og_description":"Das M\u00fcnchner K\u00fcnstlerhaus am Lenbachplatz ist heute ein beliebter Veranstaltungsort mitten im Herzen von M\u00fcnchen.","og_url":"https:\/\/www.grill-munich.de\/en\/veranstaltung-news\/","og_site_name":"Grill","article_modified_time":"2024-04-15T10:51:25+00:00","og_image":[{"url":"https:\/\/www.grill-munich.de\/wp-content\/uploads\/2021\/09\/the-grill-location-galerie-1-Kopie.jpg","type":"","width":"","height":""}],"twitter_card":"summary_large_image","twitter_title":"THE GRILL Veranstaltungen","twitter_description":"Das M\u00fcnchner K\u00fcnstlerhaus am Lenbachplatz ist heute ein beliebter Veranstaltungsort mitten im Herzen von M\u00fcnchen.","twitter_image":"https:\/\/www.grill-munich.de\/wp-content\/uploads\/2021\/09\/the-grill-location-galerie-1-Kopie.jpg","twitter_misc":{"Est. reading time":"4 minutes"},"schema":{"@context":"https:\/\/schema.org","@graph":[{"@type":"WebPage","@id":"https:\/\/www.grill-munich.de\/en\/veranstaltung-news\/","url":"https:\/\/www.grill-munich.de\/en\/veranstaltung-news\/","name":"Events & News - Grill Munich","isPartOf":{"@id":"https:\/\/www.grill-munich.de\/en\/#website"},"datePublished":"2021-08-24T14:05:32+00:00","dateModified":"2024-04-15T10:51:25+00:00","description":"The Munich K\u00fcnstlerhaus on Lenbachplatz is a popular event venue right in the heart of Munich.","breadcrumb":{"@id":"https:\/\/www.grill-munich.de\/en\/veranstaltung-news\/#breadcrumb"},"inLanguage":"en-US","potentialAction":[{"@type":"ReadAction","target":["https:\/\/www.grill-munich.de\/en\/veranstaltung-news\/"]}]},{"@type":"BreadcrumbList","@id":"https:\/\/www.grill-munich.de\/en\/veranstaltung-news\/#breadcrumb","itemListElement":[{"@type":"ListItem","position":1,"name":"Startseite","item":"https:\/\/www.grill-munich.de\/en\/"},{"@type":"ListItem","position":2,"name":"Veranstaltung &amp; News"}]},{"@type":"WebSite","@id":"https:\/\/www.grill-munich.de\/en\/#website","url":"https:\/\/www.grill-munich.de\/en\/","name":"Grill","description":"RESTAURANT I BAR I TERRASSE","potentialAction":[{"@type":"SearchAction","target":{"@type":"EntryPoint","urlTemplate":"https:\/\/www.grill-munich.de\/en\/?s={search_term_string}"},"query-input":{"@type":"PropertyValueSpecification","valueRequired":true,"valueName":"search_term_string"}}],"inLanguage":"en-US"}]}},"_links":{"self":[{"href":"https:\/\/www.grill-munich.de\/en\/wp-json\/wp\/v2\/pages\/727","targetHints":{"allow":["GET"]}}],"collection":[{"href":"https:\/\/www.grill-munich.de\/en\/wp-json\/wp\/v2\/pages"}],"about":[{"href":"https:\/\/www.grill-munich.de\/en\/wp-json\/wp\/v2\/types\/page"}],"author":[{"embeddable":true,"href":"https:\/\/www.grill-munich.de\/en\/wp-json\/wp\/v2\/users\/12"}],"replies":[{"embeddable":true,"href":"https:\/\/www.grill-munich.de\/en\/wp-json\/wp\/v2\/comments?post=727"}],"version-history":[{"count":10,"href":"https:\/\/www.grill-munich.de\/en\/wp-json\/wp\/v2\/pages\/727\/revisions"}],"predecessor-version":[{"id":1383,"href":"https:\/\/www.grill-munich.de\/en\/wp-json\/wp\/v2\/pages\/727\/revisions\/1383"}],"wp:attachment":[{"href":"https:\/\/www.grill-munich.de\/en\/wp-json\/wp\/v2\/media?parent=727"}],"curies":[{"name":"wp","href":"https:\/\/api.w.org\/{rel}","templated":true}]}}